{"id":91,"date":"2022-09-25T18:15:47","date_gmt":"2022-09-25T16:15:47","guid":{"rendered":"https:\/\/odborynm.cz\/?page_id=91"},"modified":"2022-12-18T17:31:49","modified_gmt":"2022-12-18T16:31:49","slug":"kolektivni-smlouva","status":"publish","type":"page","link":"https:\/\/odborynm.cz\/?page_id=91","title":{"rendered":"Kolektivn\u00ed smlouva"},"content":{"rendered":"\n<p>Kolektivn\u00ed smlouva&nbsp;je dvoustrann\u00e9 pracovn\u011bpr\u00e1vn\u00ed jedn\u00e1n\u00ed uzav\u00edran\u00e9 mezi&nbsp;odborovou organizac\u00ed&nbsp;a&nbsp;zam\u011bstnavatelem. Obsahem dohody jsou&nbsp;mzdov\u00e9&nbsp;a dal\u0161\u00ed pracovn\u00ed podm\u00ednky. Odborov\u00e1 organizace uzav\u00edr\u00e1 kolektivn\u00ed smlouvu tak\u00e9 za zam\u011bstnance, kte\u0159\u00ed nejsou jej\u00edmi \u010dleny dle \u00a7 23, odst. 2&nbsp;<a href=\"https:\/\/ppropo.mpsv.cz\/zakon_262_2006\" data-type=\"URL\" data-id=\"https:\/\/ppropo.mpsv.cz\/zakon_262_2006\">Z\u00e1kon\u00edku pr\u00e1ce.<\/a><\/p>\n\n\n\n<h6 class=\"wp-block-heading\">Kolektivn\u00ed smlouva \u010d. 190912 (\u00da\u010dinnost od: 8. 7. 2019)<\/h6>\n\n\n\n<p><\/p>\n\n\n\n<div class=\"wp-block-group\"><div class=\"wp-block-group__inner-container is-layout-constrained wp-block-group-is-layout-constrained\">\n<div data-wp-interactive=\"core\/file\" class=\"wp-block-file\"><object data-wp-bind--hidden=\"!state.hasPdfPreview\" hidden class=\"wp-block-file__embed\" data=\"https:\/\/odborynm.cz\/wp-content\/uploads\/2022\/12\/Kolektivni-smlouva-1.pdf\" type=\"application\/pdf\" style=\"width:100%;height:600px\" aria-label=\"Vlo\u017eit z Kolektivni-smlouva-1.\"><\/object><a id=\"wp-block-file--media-37b0a2bc-4cb6-4d4d-82dc-912de2e363b0\" href=\"https:\/\/odborynm.cz\/wp-content\/uploads\/2022\/12\/Kolektivni-smlouva-1.pdf\">Kolektivni-smlouva-1<\/a><a href=\"https:\/\/odborynm.cz\/wp-content\/uploads\/2022\/12\/Kolektivni-smlouva-1.pdf\" class=\"wp-block-file__button wp-element-button\" download aria-describedby=\"wp-block-file--media-37b0a2bc-4cb6-4d4d-82dc-912de2e363b0\">St\u00e1hnout<\/a><\/div>\n<\/div><\/div>\n\n\n\n<p><a href=\"http:\/\/odborynm.cz\/wp-content\/uploads\/2022\/12\/Dodatek-c.1-ke-Kolektivni-smlouve-c.-190912.pdf\" data-type=\"URL\" data-id=\"http:\/\/odborynm.cz\/wp-content\/uploads\/2022\/12\/Dodatek-c.1-ke-Kolektivni-smlouve-c.-190912.pdf\">Dodatek \u010d. 1 \u2013 P\u0159\u00edsp\u011bvek na stravov\u00e1n\u00ed (\u00fa\u010dinnost od: 1. 4. 2020)<\/a><\/p>\n\n\n\n<p><a href=\"http:\/\/odborynm.cz\/wp-content\/uploads\/2022\/12\/Dodatek-c.-2-ke-Kolektivni-smlouve-c.-190912.pdf\" data-type=\"URL\" data-id=\"http:\/\/odborynm.cz\/wp-content\/uploads\/2022\/12\/Dodatek-c.-2-ke-Kolektivni-smlouve-c.-190912.pdf\">Dodatek \u010d. 2 \u2013 P\u0159\u00edsp\u011bvek na stravov\u00e1n\u00ed (\u00fa\u010dinnost od: 1. 1. 2021)<\/a><\/p>\n\n\n\n<p><a href=\"http:\/\/odborynm.cz\/wp-content\/uploads\/2022\/12\/Dodatek-c.-3-ke-Koletivni-smlouve-c.-190912-Prispevek-na-kartu-MultiSport.pdf\" data-type=\"URL\" data-id=\"http:\/\/odborynm.cz\/wp-content\/uploads\/2022\/12\/Dodatek-c.-3-ke-Koletivni-smlouve-c.-190912-Prispevek-na-kartu-MultiSport.pdf\">Dodatek \u010d. 3 &#8211; P\u0159\u00edsp\u011bvek na MultiSport kartu (\u00fa\u010dinnost od 1. 7. 2022)<\/a><\/p>\n","protected":false},"excerpt":{"rendered":"<p>Kolektivn\u00ed smlouva&nbsp;je dvoustrann\u00e9 pracovn\u011bpr\u00e1vn\u00ed jedn\u00e1n\u00ed uzav\u00edran\u00e9 mezi&nbsp;odborovou organizac\u00ed&nbsp;a&nbsp;zam\u011bstnavatelem. Obsahem dohody jsou&nbsp;mzdov\u00e9&nbsp;a dal\u0161\u00ed pracovn\u00ed podm\u00ednky. Odborov\u00e1 organizace uzav\u00edr\u00e1 kolektivn\u00ed smlouvu tak\u00e9 za zam\u011bstnance, kte\u0159\u00ed nejsou jej\u00edmi \u010dleny dle \u00a7 23, odst. 2&nbsp;Z\u00e1kon\u00edku pr\u00e1ce. Kolektivn\u00ed smlouva \u010d. 190912 (\u00da\u010dinnost od: 8. 7. 2019) Dodatek \u010d. 1 \u2013 P\u0159\u00edsp\u011bvek na stravov\u00e1n\u00ed (\u00fa\u010dinnost od: 1. 4. 2020) Dodatek \u010d. 2 \u2013 P\u0159\u00edsp\u011bvek na stravov\u00e1n\u00ed (\u00fa\u010dinnost od: 1. 1. 2021) Dodatek \u010d. 3 &#8211; P\u0159\u00edsp\u011bvek na MultiSport kartu (\u00fa\u010dinnost od 1. 7. 2022)<\/p>\n","protected":false},"author":2,"featured_media":391,"parent":26,"menu_order":1,"comment_status":"closed","ping_status":"closed","template":"","meta":{"footnotes":""},"class_list":["post-91","page","type-page","status-publish","has-post-thumbnail"],"_links":{"self":[{"href":"https:\/\/odborynm.cz\/index.php?rest_route=\/wp\/v2\/pages\/91","targetHints":{"allow":["GET"]}}],"collection":[{"href":"https:\/\/odborynm.cz\/index.php?rest_route=\/wp\/v2\/pages"}],"about":[{"href":"https:\/\/odborynm.cz\/index.php?rest_route=\/wp\/v2\/types\/page"}],"author":[{"embeddable":true,"href":"https:\/\/odborynm.cz\/index.php?rest_route=\/wp\/v2\/users\/2"}],"replies":[{"embeddable":true,"href":"https:\/\/odborynm.cz\/index.php?rest_route=%2Fwp%2Fv2%2Fcomments&post=91"}],"version-history":[{"count":7,"href":"https:\/\/odborynm.cz\/index.php?rest_route=\/wp\/v2\/pages\/91\/revisions"}],"predecessor-version":[{"id":392,"href":"https:\/\/odborynm.cz\/index.php?rest_route=\/wp\/v2\/pages\/91\/revisions\/392"}],"up":[{"embeddable":true,"href":"https:\/\/odborynm.cz\/index.php?rest_route=\/wp\/v2\/pages\/26"}],"wp:featuredmedia":[{"embeddable":true,"href":"https:\/\/odborynm.cz\/index.php?rest_route=\/wp\/v2\/media\/391"}],"wp:attachment":[{"href":"https:\/\/odborynm.cz\/index.php?rest_route=%2Fwp%2Fv2%2Fmedia&parent=91"}],"curies":[{"name":"wp","href":"https:\/\/api.w.org\/{rel}","templated":true}]}}