{"id":72,"date":"2022-09-25T17:58:36","date_gmt":"2022-09-25T15:58:36","guid":{"rendered":"https:\/\/odborynm.cz\/?page_id=72"},"modified":"2023-02-02T11:54:56","modified_gmt":"2023-02-02T10:54:56","slug":"prihlaska","status":"publish","type":"page","link":"https:\/\/odborynm.cz\/?page_id=72","title":{"rendered":"Chci vstoupit"},"content":{"rendered":"\n<p>Pro vstup do oborov\u00e9 organizace je nutn\u00e9 vyplnit <a href=\"https:\/\/view.officeapps.live.com\/op\/view.aspx?src=https%3A%2F%2Fodborynm.cz%2Fwp-content%2Fuploads%2F2022%2F12%2FClenska-prihlaska.docx&amp;wdOrigin=BROWSELINK\" data-type=\"URL\" data-id=\"https:\/\/view.officeapps.live.com\/op\/view.aspx?src=https%3A%2F%2Fodborynm.cz%2Fwp-content%2Fuploads%2F2022%2F12%2FClenska-prihlaska.docx&amp;wdOrigin=BROWSELINK\">p\u0159ihl\u00e1\u0161ku<\/a>. Tu pak n\u00e1sledn\u011b p\u0159ed\u00e1te v\u00fdboru, kter\u00fd ji schv\u00e1l\u00ed. V\u0161ichni \u010dlenov\u00e9 a \u010dlenky maj\u00ed za povinnost platit \u010dlensk\u00e9 p\u0159\u00edsp\u011bvky. Ten lze odv\u00e1d\u011bt pomoc\u00ed sr\u00e1\u017eky ze mzdy ve v\u00fd\u0161i 1%. K p\u0159ihl\u00e1\u0161ce je proto nutn\u00e9 doru\u010dit <a href=\"https:\/\/odborynm.cz\/wp-content\/uploads\/2022\/12\/Souhlas-zamestnance-s-provadenim-srazek-ze-mzdy-.docx\" data-type=\"URL\" data-id=\"https:\/\/odborynm.cz\/wp-content\/uploads\/2022\/12\/Souhlas-zamestnance-s-provadenim-srazek-ze-mzdy-.docx\">Souhlas zam\u011bstnance s prov\u00e1d\u011bn\u00edm sr\u00e1\u017eek ze mzdy<\/a>. P\u0159ed\u00e1n\u00ed p\u0159ihl\u00e1\u0161ky ve fyzick\u00e9 nebo digit\u00e1ln\u00ed podob\u011b pros\u00edm domluvte skrze <a href=\"mailto:obodry@nm.cz\">odbory@nm.cz<\/a><\/p>\n\n\n\n<p>\u010clensk\u00e9 p\u0159\u00edsp\u011bvky jsou jedin\u00fdm p\u0159\u00edjmem odborov\u00e9 organizace. Z t\u011bchto financ\u00ed je hrazen v\u0161echen jej\u00ed provoz a \u010dlensk\u00e9 benefity. \u010clenky a \u010dlenov\u00e9 v\u00fdboru vykov\u00e1vaj\u00ed svoji funkci bezplatn\u011b. <\/p>\n","protected":false},"excerpt":{"rendered":"<p>Pro vstup do oborov\u00e9 organizace je nutn\u00e9 vyplnit p\u0159ihl\u00e1\u0161ku. Tu pak n\u00e1sledn\u011b p\u0159ed\u00e1te v\u00fdboru, kter\u00fd ji schv\u00e1l\u00ed. V\u0161ichni \u010dlenov\u00e9 a \u010dlenky maj\u00ed za povinnost platit \u010dlensk\u00e9 p\u0159\u00edsp\u011bvky. Ten lze odv\u00e1d\u011bt pomoc\u00ed sr\u00e1\u017eky ze mzdy ve v\u00fd\u0161i 1%. K p\u0159ihl\u00e1\u0161ce je proto nutn\u00e9 doru\u010dit Souhlas zam\u011bstnance s prov\u00e1d\u011bn\u00edm sr\u00e1\u017eek ze mzdy. P\u0159ed\u00e1n\u00ed p\u0159ihl\u00e1\u0161ky ve fyzick\u00e9 nebo digit\u00e1ln\u00ed podob\u011b pros\u00edm domluvte skrze odbory@nm.cz \u010clensk\u00e9 p\u0159\u00edsp\u011bvky jsou jedin\u00fdm p\u0159\u00edjmem odborov\u00e9 organizace. Z t\u011bchto financ\u00ed je hrazen v\u0161echen jej\u00ed provoz a \u010dlensk\u00e9 benefity. \u010clenky a \u010dlenov\u00e9 v\u00fdboru vykov\u00e1vaj\u00ed svoji funkci bezplatn\u011b.<\/p>\n","protected":false},"author":2,"featured_media":403,"parent":67,"menu_order":3,"comment_status":"closed","ping_status":"closed","template":"","meta":{"footnotes":""},"class_list":["post-72","page","type-page","status-publish","has-post-thumbnail"],"_links":{"self":[{"href":"https:\/\/odborynm.cz\/index.php?rest_route=\/wp\/v2\/pages\/72","targetHints":{"allow":["GET"]}}],"collection":[{"href":"https:\/\/odborynm.cz\/index.php?rest_route=\/wp\/v2\/pages"}],"about":[{"href":"https:\/\/odborynm.cz\/index.php?rest_route=\/wp\/v2\/types\/page"}],"author":[{"embeddable":true,"href":"https:\/\/odborynm.cz\/index.php?rest_route=\/wp\/v2\/users\/2"}],"replies":[{"embeddable":true,"href":"https:\/\/odborynm.cz\/index.php?rest_route=%2Fwp%2Fv2%2Fcomments&post=72"}],"version-history":[{"count":10,"href":"https:\/\/odborynm.cz\/index.php?rest_route=\/wp\/v2\/pages\/72\/revisions"}],"predecessor-version":[{"id":444,"href":"https:\/\/odborynm.cz\/index.php?rest_route=\/wp\/v2\/pages\/72\/revisions\/444"}],"up":[{"embeddable":true,"href":"https:\/\/odborynm.cz\/index.php?rest_route=\/wp\/v2\/pages\/67"}],"wp:featuredmedia":[{"embeddable":true,"href":"https:\/\/odborynm.cz\/index.php?rest_route=\/wp\/v2\/media\/403"}],"wp:attachment":[{"href":"https:\/\/odborynm.cz\/index.php?rest_route=%2Fwp%2Fv2%2Fmedia&parent=72"}],"curies":[{"name":"wp","href":"https:\/\/api.w.org\/{rel}","templated":true}]}}