{"id":70,"date":"2022-09-25T17:58:10","date_gmt":"2022-09-25T15:58:10","guid":{"rendered":"https:\/\/odborynm.cz\/?page_id=70"},"modified":"2026-02-11T09:40:52","modified_gmt":"2026-02-11T08:40:52","slug":"clenske-benefity","status":"publish","type":"page","link":"https:\/\/odborynm.cz\/?page_id=70","title":{"rendered":"\u010clensk\u00e9 benefity"},"content":{"rendered":"\n<p>Z&nbsp;vlastn\u00edch prost\u0159edk\u016f odborov\u00e9 organizace mohou \u010derpat v\u0161ichni jej\u00ed \u010dlenov\u00e9. V\u0161echny \u017e\u00e1dosti pros\u00edm sm\u011b\u0159ujte na <a href=\"mailto:odbory@nm.cz\">odbory@nm.cz<\/a><\/p>\n\n\n\n<h4 class=\"wp-block-heading\">Pr\u00e1vn\u00ed pomoc<\/h4>\n\n\n\n<ul class=\"wp-block-list\">\n<li>zaji\u0161t\u011bn\u00ed <strong>bezplatn\u00e9 pr\u00e1vn\u00ed pomoc<\/strong>i v&nbsp;pracovn\u011bpr\u00e1vn\u00edch a ob\u010danskopr\u00e1vn\u00edch ot\u00e1zk\u00e1ch odborov\u00fdm pr\u00e1vn\u00edkem<\/li>\n\n\n\n<li>zastupov\u00e1n\u00ed p\u0159i jedn\u00e1n\u00ed v&nbsp;pracovn\u011bpr\u00e1vn\u00edch vztaz\u00edch se zam\u011bstnavatelem<\/li>\n<\/ul>\n\n\n\n<h4 class=\"wp-block-heading\">P\u0159\u00edsp\u011bvek na zdravotn\u00ed p\u00e9\u010di<\/h4>\n\n\n\n<ul class=\"wp-block-list\">\n<li>p\u0159\u00edsp\u011bvek na p\u00e9\u010di, kter\u00e1 nen\u00ed hrazena z ve\u0159ejn\u00e9ho zdravotn\u00edho poji\u0161t\u011bn\u00ed<\/li>\n\n\n\n<li>T\u00fdk\u00e1 se zuba\u0159sk\u00e9ho o\u0161et\u0159en\u00ed (plomby, dent\u00e1ln\u00ed hygiena, rovn\u00e1tka, protetika,\u2026), dioptrick\u00fdch br\u00fdl\u00ed, skel a \u010do\u010dek, ortopedick\u00fdch a rehabilita\u010dn\u00edch pom\u016fcek, r\u016fzn\u00fdch z\u00e1krok\u016f apod. <\/li>\n\n\n\n<li>V\u00fd\u0161e p\u0159\u00edsp\u011bvku je <strong>2.500,- K\u010d <\/strong>na osobu\/rok,<\/li>\n<\/ul>\n\n\n\n<h4 class=\"wp-block-heading\">Penzijn\u00ed p\u0159ipoji\u0161t\u011bn\u00ed<a href=\"https:\/\/nm365.sharepoint.com\/SitePages\/Odborov%C3%A1-organizace.aspx#z-vlastn%C3%ADch-prost%C5%99edk%C5%AF-odborov%C3%A9-organizace\"><\/a><\/h4>\n\n\n\n<ul class=\"wp-block-list\">\n<li>finan\u010dn\u00ed p\u0159\u00edsp\u011bvek od svazu OSPKOP na penzijn\u00ed p\u0159ipoji\u0161t\u011bn\u00ed se st\u00e1tn\u00edm p\u0159\u00edsp\u011bvkem po dobu 5 let <strong>ve v\u00fd\u0161i 100 K\u010d m\u011bs\u00ed\u010dn\u011b<\/strong><\/li>\n\n\n\n<li>podm\u00ednkou je <strong>alespo\u0148 t\u0159\u00edlet\u00e9 \u010dlenstv\u00ed <\/strong>v&nbsp;OSPKOP<\/li>\n\n\n\n<li>podrobnosti viz  <a href=\"http:\/\/odborynm.cz\/wp-content\/uploads\/2022\/12\/Zasady-penzijni-pripojisteni.pdf\" data-type=\"URL\" data-id=\"http:\/\/odborynm.cz\/wp-content\/uploads\/2022\/12\/Zasady-penzijni-pripojisteni.pdf\">Z\u00e1sady pro poskytov\u00e1n\u00ed p\u0159\u00edsp\u011bvku na penzijn\u00ed p\u0159ipoji\u0161t\u011bn\u00ed<\/a><\/li>\n\n\n\n<li>v p\u0159\u00edpad\u011b z\u00e1jmu o finan\u010dn\u00ed p\u0159\u00edsp\u011bvek vyu\u017eijte tuto <a href=\"http:\/\/odborynm.cz\/wp-content\/uploads\/2022\/12\/FORMULAR-penzijni-pripojisteni.doc\" data-type=\"URL\" data-id=\"http:\/\/odborynm.cz\/wp-content\/uploads\/2022\/12\/FORMULAR-penzijni-pripojisteni.doc\">\u017e\u00e1dost<\/a><\/li>\n<\/ul>\n\n\n\n<h4 class=\"wp-block-heading\">P\u0159\u00edsp\u011bvky na d\u011btsk\u00e9 pobytov\u00e9 akce<\/h4>\n\n\n\n<ul class=\"wp-block-list\">\n<li>p\u0159\u00edsp\u011bvky na d\u011btskou rekreaci a \u0161koly v&nbsp;p\u0159\u00edrod\u011b, ozdravn\u00e9 pobyty atd. pro d\u011bti odbor\u00e1\u0159\u016f<\/li>\n\n\n\n<li>je mo\u017en\u00e9 \u010derpat p\u0159\u00edsp\u011bvek na max. 10 dn\u00ed \/ d\u00edt\u011b \/ rok<\/li>\n\n\n\n<li>v\u00fd\u0161e p\u0159\u00edsp\u011bvku \u00e1 <strong>200,- K\u010d <\/strong>\/ den pobytu,&nbsp; v p\u0159\u00edpad\u011b samo\u017eivitele\/ky \u00e1 <strong>220,- K\u010d <\/strong>\/ den<\/li>\n\n\n\n<li>a\u017e <strong>2 000,- K\u010d<\/strong>, resp. <strong>2 200,- K\u010d <\/strong>\/ 1 d\u00edt\u011b<\/li>\n\n\n\n<li>v p\u0159\u00edpad\u011b z\u00e1jmu o p\u0159\u00edsp\u011bvek vyu\u017eijte tuto <a href=\"http:\/\/odborynm.cz\/wp-content\/uploads\/2022\/12\/FORMULAR-detska-rekreace-individualni.doc\" data-type=\"URL\" data-id=\"http:\/\/odborynm.cz\/wp-content\/uploads\/2022\/12\/FORMULAR-detska-rekreace-individualni.doc\">\u017e\u00e1dost<\/a><\/li>\n<\/ul>\n\n\n\n<h4 class=\"wp-block-heading\">P\u0159\u00edsp\u011bvky na vzd\u011bl\u00e1vac\u00ed, jazykov\u00e9 i jin\u00e9 kurzy<\/h4>\n\n\n\n<ul class=\"wp-block-list\">\n<li>p\u0159\u00edsp\u011bvky na vzd\u011bl\u00e1v\u00e1n\u00ed, jazykov\u00e9 i jin\u00e9 kurzy<\/li>\n\n\n\n<li>p\u0159\u00edsp\u011bvek do maxim\u00e1ln\u00ed v\u00fd\u0161e <strong>2 000,- K\u010d<\/strong> za rok<\/li>\n\n\n\n<li>cenu kurzu a doklad o \u00fahrad\u011b je nutn\u00e9 dolo\u017eit<\/li>\n<\/ul>\n\n\n\n<h4 class=\"wp-block-heading\">P\u0159\u00edsp\u011bvek na sport, rehabilitace a kulturn\u00ed aktivity<\/h4>\n\n\n\n<ul class=\"wp-block-list\">\n<li>p\u0159\u00edsp\u011bvky na sportovn\u00ed a rekondi\u010dn\u00ed aktivity (baz\u00e9ny, fitcentra atd.)<\/li>\n\n\n\n<li>a\u017e do maxim\u00e1ln\u00ed v\u00fd\u0161e <strong>1 000,- K\u010d \/ rok<\/strong><\/li>\n\n\n\n<li>je t\u0159eba dolo\u017eit doklad o zaplacen\u00ed<\/li>\n<\/ul>\n\n\n\n<h4 class=\"wp-block-heading\">\u010clenstv\u00ed v profesn\u00edch organizac\u00edch<\/h4>\n\n\n\n<ul class=\"wp-block-list\">\n<li>p\u0159\u00edsp\u011bvek na ro\u010dn\u00ed individu\u00e1ln\u00ed \u010dlenstv\u00ed v AMG<\/li>\n\n\n\n<li>je t\u0159eba dolo\u017eit doklad o zaplacen\u00ed<\/li>\n<\/ul>\n\n\n\n<h4 class=\"wp-block-heading\">Pen\u011b\u017eit\u00e1 soci\u00e1ln\u00ed v\u00fdpomoc<\/h4>\n\n\n\n<ul class=\"wp-block-list\">\n<li>nen\u00e1vratn\u00e1 soci\u00e1ln\u00ed p\u016fj\u010dka<\/li>\n\n\n\n<li>je posuzov\u00e1na individu\u00e1ln\u011b<\/li>\n<\/ul>\n\n\n\n<h4 class=\"wp-block-heading\">D\u00e1rkov\u00e9 kolekce nebo kni\u017en\u00ed pouk\u00e1zky<\/h4>\n\n\n\n<ul class=\"wp-block-list\">\n<li>p\u0159ed V\u00e1nocemi \u010dokol\u00e1dov\u00e9 kolekce nebo kni\u017en\u00ed pouk\u00e1zky (oby\u010dejn\u011b knihkupectv\u00ed Luxor) pro d\u011bti odbor\u00e1\u0159\u016f do 15 let<\/li>\n<\/ul>\n\n\n\n<h4 class=\"wp-block-heading\">ObdoryPlus<\/h4>\n\n\n\n<ul class=\"wp-block-list\">\n<li>slevov\u00fd program pro v\u0161echny odbor\u00e1\u0159ky a odbor\u00e1\u0159e<\/li>\n\n\n\n<li>pro \u010derp\u00e1n\u00ed v\u00fdhod je nutn\u00e9 se registrovat<\/li>\n\n\n\n<li>podrobn\u00fd v\u00fd\u010det slev a v\u00fdhod naleznete zde: <a href=\"https:\/\/www.odboryplus.cz\/\">odboryplus.cz<\/a><\/li>\n<\/ul>\n\n\n\n<p><\/p>\n","protected":false},"excerpt":{"rendered":"<p>Z&nbsp;vlastn\u00edch prost\u0159edk\u016f odborov\u00e9 organizace mohou \u010derpat v\u0161ichni jej\u00ed \u010dlenov\u00e9. V\u0161echny \u017e\u00e1dosti pros\u00edm sm\u011b\u0159ujte na odbory@nm.cz Pr\u00e1vn\u00ed pomoc P\u0159\u00edsp\u011bvek na zdravotn\u00ed p\u00e9\u010di Penzijn\u00ed p\u0159ipoji\u0161t\u011bn\u00ed P\u0159\u00edsp\u011bvky na d\u011btsk\u00e9 pobytov\u00e9 akce P\u0159\u00edsp\u011bvky na vzd\u011bl\u00e1vac\u00ed, jazykov\u00e9 i jin\u00e9 kurzy P\u0159\u00edsp\u011bvek na sport, rehabilitace a kulturn\u00ed aktivity \u010clenstv\u00ed v profesn\u00edch organizac\u00edch Pen\u011b\u017eit\u00e1 soci\u00e1ln\u00ed v\u00fdpomoc D\u00e1rkov\u00e9 kolekce nebo kni\u017en\u00ed pouk\u00e1zky ObdoryPlus<\/p>\n","protected":false},"author":2,"featured_media":388,"parent":67,"menu_order":2,"comment_status":"closed","ping_status":"closed","template":"","meta":{"footnotes":""},"class_list":["post-70","page","type-page","status-publish","has-post-thumbnail"],"_links":{"self":[{"href":"https:\/\/odborynm.cz\/index.php?rest_route=\/wp\/v2\/pages\/70","targetHints":{"allow":["GET"]}}],"collection":[{"href":"https:\/\/odborynm.cz\/index.php?rest_route=\/wp\/v2\/pages"}],"about":[{"href":"https:\/\/odborynm.cz\/index.php?rest_route=\/wp\/v2\/types\/page"}],"author":[{"embeddable":true,"href":"https:\/\/odborynm.cz\/index.php?rest_route=\/wp\/v2\/users\/2"}],"replies":[{"embeddable":true,"href":"https:\/\/odborynm.cz\/index.php?rest_route=%2Fwp%2Fv2%2Fcomments&post=70"}],"version-history":[{"count":19,"href":"https:\/\/odborynm.cz\/index.php?rest_route=\/wp\/v2\/pages\/70\/revisions"}],"predecessor-version":[{"id":532,"href":"https:\/\/odborynm.cz\/index.php?rest_route=\/wp\/v2\/pages\/70\/revisions\/532"}],"up":[{"embeddable":true,"href":"https:\/\/odborynm.cz\/index.php?rest_route=\/wp\/v2\/pages\/67"}],"wp:featuredmedia":[{"embeddable":true,"href":"https:\/\/odborynm.cz\/index.php?rest_route=\/wp\/v2\/media\/388"}],"wp:attachment":[{"href":"https:\/\/odborynm.cz\/index.php?rest_route=%2Fwp%2Fv2%2Fmedia&parent=70"}],"curies":[{"name":"wp","href":"https:\/\/api.w.org\/{rel}","templated":true}]}}