{"id":38,"date":"2022-09-25T17:19:33","date_gmt":"2022-09-25T15:19:33","guid":{"rendered":"https:\/\/odborynm.cz\/?page_id=38"},"modified":"2022-12-18T17:12:12","modified_gmt":"2022-12-18T16:12:12","slug":"kontakt","status":"publish","type":"page","link":"https:\/\/odborynm.cz\/?page_id=38","title":{"rendered":"Kontakt"},"content":{"rendered":"\n<p>Krom\u011b centr\u00e1ln\u00edch kontakt\u016f m\u016f\u017eete t\u00e9\u017e vyu\u017e\u00edt spojen\u00ed na jednotliv\u00e9 <a href=\"http:\/\/odborynm.cz\/?page_id=20\" data-type=\"URL\" data-id=\"http:\/\/odborynm.cz\/?page_id=20\">\u010dlenky a \u010dleny v\u00fdboru<\/a>.<\/p>\n\n\n\n<p><strong>S\u00eddlo: <\/strong>N\u00e1rodn\u00ed muzeum,  V\u00e1clavsk\u00e9 n\u00e1m\u011bst\u00ed 1700\/68 110 00 Praha 1 \u2013 Nov\u00e9 M\u011bsto<\/p>\n\n\n\n<p><strong>\u010c\u00edslo organizace:<\/strong> 46-0004-3101<\/p>\n\n\n\n<p><strong>Telefon: <\/strong><\/p>\n\n\n\n<p><strong>Kancel\u00e1\u0159:<\/strong> m\u00edstnost \u010d. 359, t\u0159et\u00ed patro, Nov\u00e1 budova NM. <\/p>\n\n\n\n<p><strong>E-mail:<\/strong> <a href=\"mailto:odbory@nm.cz\">odbory@nm.cz <\/a><\/p>\n\n\n\n<p><strong>Soci\u00e1ln\u00ed s\u00edt\u011b:<\/strong> <a href=\"https:\/\/www.facebook.com\/OdboryNM\" data-type=\"URL\" data-id=\"https:\/\/www.facebook.com\/OdboryNM\">Facebook<\/a>, <a href=\"https:\/\/www.instagram.com\/nmodbory\/\" data-type=\"URL\" data-id=\"https:\/\/www.instagram.com\/nmodbory\/\">Instagram<\/a> <\/p>\n\n\n\n<p><\/p>\n\n\n\n<div class=\"wp-block-columns are-vertically-aligned-top is-layout-flex wp-container-core-columns-is-layout-9d6595d7 wp-block-columns-is-layout-flex\">\n<div class=\"wp-block-column is-vertically-aligned-top is-layout-flow wp-block-column-is-layout-flow\" style=\"flex-basis:100%\">\n<pre class=\"wp-block-code\"><code><iframe src=\"https:\/\/www.google.com\/maps\/embed?pb=!1m18!1m12!1m3!1d2560.3393828333283!2d14.429477051408487!3d50.0799324217726!2m3!1f0!2f0!3f0!3m2!1i1024!2i768!4f13.1!3m3!1m2!1s0x470b948d824eafb9%3A0xf2af9ac4bebc611a!2sNew%20National%20Museum!5e0!3m2!1sen!2scz!4v1664791159235!5m2!1sen!2scz\" width=\"500\" height=\"225\" style=\"border:1;\" allowfullscreen=\"\" loading=\"lazy\" referrerpolicy=\"no-referrer-when-downgrade\"><\/iframe><\/code><\/pre>\n<\/div>\n<\/div>\n","protected":false},"excerpt":{"rendered":"<p>Krom\u011b centr\u00e1ln\u00edch kontakt\u016f m\u016f\u017eete t\u00e9\u017e vyu\u017e\u00edt spojen\u00ed na jednotliv\u00e9 \u010dlenky a \u010dleny v\u00fdboru. S\u00eddlo: N\u00e1rodn\u00ed muzeum, V\u00e1clavsk\u00e9 n\u00e1m\u011bst\u00ed 1700\/68 110 00 Praha 1 \u2013 Nov\u00e9 M\u011bsto \u010c\u00edslo organizace: 46-0004-3101 Telefon: Kancel\u00e1\u0159: m\u00edstnost \u010d. 359, t\u0159et\u00ed patro, Nov\u00e1 budova NM. E-mail: odbory@nm.cz Soci\u00e1ln\u00ed s\u00edt\u011b: Facebook, Instagram<\/p>\n","protected":false},"author":2,"featured_media":382,"parent":0,"menu_order":0,"comment_status":"closed","ping_status":"closed","template":"","meta":{"footnotes":""},"class_list":["post-38","page","type-page","status-publish","has-post-thumbnail"],"_links":{"self":[{"href":"https:\/\/odborynm.cz\/index.php?rest_route=\/wp\/v2\/pages\/38","targetHints":{"allow":["GET"]}}],"collection":[{"href":"https:\/\/odborynm.cz\/index.php?rest_route=\/wp\/v2\/pages"}],"about":[{"href":"https:\/\/odborynm.cz\/index.php?rest_route=\/wp\/v2\/types\/page"}],"author":[{"embeddable":true,"href":"https:\/\/odborynm.cz\/index.php?rest_route=\/wp\/v2\/users\/2"}],"replies":[{"embeddable":true,"href":"https:\/\/odborynm.cz\/index.php?rest_route=%2Fwp%2Fv2%2Fcomments&post=38"}],"version-history":[{"count":19,"href":"https:\/\/odborynm.cz\/index.php?rest_route=\/wp\/v2\/pages\/38\/revisions"}],"predecessor-version":[{"id":383,"href":"https:\/\/odborynm.cz\/index.php?rest_route=\/wp\/v2\/pages\/38\/revisions\/383"}],"wp:featuredmedia":[{"embeddable":true,"href":"https:\/\/odborynm.cz\/index.php?rest_route=\/wp\/v2\/media\/382"}],"wp:attachment":[{"href":"https:\/\/odborynm.cz\/index.php?rest_route=%2Fwp%2Fv2%2Fmedia&parent=38"}],"curies":[{"name":"wp","href":"https:\/\/api.w.org\/{rel}","templated":true}]}}