{"id":32,"date":"2022-09-25T17:18:55","date_gmt":"2022-09-25T15:18:55","guid":{"rendered":"https:\/\/odborynm.cz\/?page_id=32"},"modified":"2022-12-18T17:32:16","modified_gmt":"2022-12-18T16:32:16","slug":"dulezite-odkazy","status":"publish","type":"page","link":"https:\/\/odborynm.cz\/?page_id=32","title":{"rendered":"D\u016fle\u017eit\u00e9 odkazy"},"content":{"rendered":"\n<h3 class=\"wp-block-heading\">N\u00e1rodn\u00ed muzeum<\/h3>\n\n\n\n<ul class=\"wp-block-list\">\n<li><a href=\"http:\/\/intro.nm.cz\/\" data-type=\"URL\" data-id=\"http:\/\/intro.nm.cz\/\">Intranet NM<\/a><\/li>\n\n\n\n<li><a href=\"https:\/\/odborynm.cz\/?page_id=91\" data-type=\"URL\" data-id=\"https:\/\/odborynm.cz\/?page_id=91\">Kolektivn\u00ed smlouva<\/a><\/li>\n\n\n\n<li><a href=\"https:\/\/nm365.sharepoint.com\/SitePages\/Sm%C4%9Brnice-G%C5%98.aspx?source=https%3A%2F%2Fnm365.sharepoint.com%2FSitePages%2FForms%2FByAuthor.aspx%3FFilterField1%3DAuthor%26FilterValue1%3DKate%25C5%2599ina%2520Va%25C5%2588ousov%25C3%25A1%26FilterDisplay1%3D%26FilterType1%3DUser%26sortField%3DLinkFilename%26isAscending%3Dtrue%26viewid%3D28357785%252D224a%252D4cbe%252Da3a1%252D4fd8d9646a84\" data-type=\"URL\" data-id=\"https:\/\/nm365.sharepoint.com\/SitePages\/Sm%C4%9Brnice-G%C5%98.aspx?source=https%3A%2F%2Fnm365.sharepoint.com%2FSitePages%2FForms%2FByAuthor.aspx%3FFilterField1%3DAuthor%26FilterValue1%3DKate%25C5%2599ina%2520Va%25C5%2588ousov%25C3%25A1%26FilterDisplay1%3D%26FilterType1%3DUser%26sortField%3DLinkFilename%26isAscending%3Dtrue%26viewid%3D28357785%252D224a%252D4cbe%252Da3a1%252D4fd8d9646a84\">Sm\u011brnice gener\u00e1ln\u00edho \u0159editele <\/a><\/li>\n\n\n\n<li><a href=\"https:\/\/nm365.sharepoint.com\/SitePages\/P%C5%99%C3%ADkazy-G%C5%98.aspx\" data-type=\"URL\" data-id=\"https:\/\/nm365.sharepoint.com\/SitePages\/P%C5%99%C3%ADkazy-G%C5%98.aspx\">P\u0159\u00edkazy gener\u00e1ln\u00edho \u0159editele <\/a><\/li>\n\n\n\n<li><a href=\"http:\/\/vyrocnizpravy.nm.cz\/\" data-type=\"URL\" data-id=\"http:\/\/vyrocnizpravy.nm.cz\/\">V\u00fdro\u010dn\u00ed zpr\u00e1vy <\/a><\/li>\n<\/ul>\n\n\n\n<h3 class=\"wp-block-heading\">Vl\u00e1dn\u00ed instituce<\/h3>\n\n\n\n<ul class=\"wp-block-list\">\n<li><a href=\"https:\/\/www.vlada.cz\/\" data-type=\"URL\" data-id=\"https:\/\/www.vlada.cz\/\">\u00da\u0159ad vl\u00e1dy<\/a><\/li>\n\n\n\n<li><a href=\"https:\/\/www.mfcr.cz\/\" data-type=\"URL\" data-id=\"https:\/\/www.mfcr.cz\/\">Ministerstvo financ\u00ed<\/a><\/li>\n\n\n\n<li><a href=\"https:\/\/www.mpsv.cz\/\" data-type=\"URL\" data-id=\"https:\/\/www.mpsv.cz\/\">Ministerstvo pr\u00e1ce a soci\u00e1ln\u00edch v\u011bc\u00ed<\/a><\/li>\n\n\n\n<li><a href=\"https:\/\/www.mkcr.cz\/\" data-type=\"URL\" data-id=\"https:\/\/www.mkcr.cz\/\">Ministerstvo kultury<\/a><\/li>\n\n\n\n<li><a href=\"https:\/\/www.msmt.cz\/\" data-type=\"URL\" data-id=\"https:\/\/www.msmt.cz\/\">Ministerstvo \u0161kolstv\u00ed, ml\u00e1de\u017ee a t\u011blov\u00fdchovy<\/a><\/li>\n\n\n\n<li><a href=\"https:\/\/www.mzcr.cz\/\" data-type=\"URL\" data-id=\"https:\/\/www.mzcr.cz\/\">Ministerstvo zdravotnictv\u00ed<\/a><\/li>\n<\/ul>\n\n\n\n<h3 class=\"wp-block-heading\">St\u00e1tn\u00ed a finan\u010dn\u00ed spr\u00e1va<\/h3>\n\n\n\n<ul class=\"wp-block-list\">\n<li><a href=\"https:\/\/www.financnisprava.cz\/\" data-type=\"URL\" data-id=\"https:\/\/www.financnisprava.cz\/\">Finan\u010dn\u00ed spr\u00e1va <\/a><\/li>\n\n\n\n<li><a href=\"https:\/\/portal.isoss.cz\/irj\/portal\/anonymous\/anonym-base-page\" data-type=\"URL\" data-id=\"https:\/\/portal.isoss.cz\/irj\/portal\/anonymous\/anonym-base-page\">Informa\u010dn\u00ed syst\u00e9m o st\u00e1tn\u00ed slu\u017eb\u011b<\/a><\/li>\n\n\n\n<li><a href=\"https:\/\/www.suip.cz\/\" data-type=\"URL\" data-id=\"https:\/\/www.suip.cz\/\">St\u00e1tn\u00ed \u00fa\u0159ad inspekce pr\u00e1ce<\/a><\/li>\n\n\n\n<li><a href=\"https:\/\/www.uradprace.cz\/\" data-type=\"URL\" data-id=\"https:\/\/www.uradprace.cz\/\">\u00da\u0159ad pr\u00e1ce<\/a><\/li>\n\n\n\n<li><a href=\"https:\/\/vubp.cz\/\" data-type=\"URL\" data-id=\"https:\/\/vubp.cz\/\">V\u00fdzkumn\u00fd \u00fastav bezpe\u010dnosti pr\u00e1ce <\/a><\/li>\n<\/ul>\n\n\n\n<h3 class=\"wp-block-heading\">Zdravotn\u00ed poji\u0161\u0165ovny<\/h3>\n\n\n\n<ul class=\"wp-block-list\">\n<li><a href=\"https:\/\/www.vzp.cz\/\" data-type=\"URL\" data-id=\"https:\/\/www.vzp.cz\/\">V\u0161eobecn\u00e1 zdravotn\u00ed poji\u0161\u0165ovna \u010cesk\u00e9 republiky <\/a><\/li>\n\n\n\n<li><a href=\"https:\/\/www.vozp.cz\/\" data-type=\"URL\" data-id=\"https:\/\/www.vozp.cz\/\">Vojensk\u00e1 zdravotn\u00ed poji\u0161\u0165ovna \u010cesk\u00e9 republiky<\/a><\/li>\n\n\n\n<li><a href=\"https:\/\/www.zpmvcr.cz\/\" data-type=\"URL\" data-id=\"https:\/\/www.zpmvcr.cz\/\">Zdravotn\u00ed poji\u0161\u0165ovna ministerstva vnitra \u010cesk\u00e9 republiky<\/a><\/li>\n<\/ul>\n\n\n\n<h3 class=\"wp-block-heading\">Odborov\u00e9 hnut\u00ed <\/h3>\n\n\n\n<ul class=\"wp-block-list\">\n<li><a href=\"https:\/\/www.cmkos.cz\/\" data-type=\"URL\" data-id=\"https:\/\/www.cmkos.cz\/\">\u010ceskomoravsk\u00e1 konfederace odborov\u00fdch svaz\u016f<\/a><\/li>\n\n\n\n<li><a href=\"http:\/\/www.oskop.cz\/\" data-type=\"URL\" data-id=\"http:\/\/www.oskop.cz\/\">Odborov\u00fd svaz pracovn\u00edk\u016f kultury a ochrany p\u0159\u00edrody<\/a><\/li>\n\n\n\n<li><a href=\"https:\/\/www.ospk.cz\/?page_id=211\" data-type=\"URL\" data-id=\"https:\/\/www.ospk.cz\/?page_id=211\">Odborov\u00fd svaz pracovn\u00edk\u016f knihoven<\/a><\/li>\n\n\n\n<li><a href=\"https:\/\/www.odbory.info\/\" data-type=\"URL\" data-id=\"https:\/\/www.odbory.info\/\">Odbory.info<\/a><\/li>\n\n\n\n<li><a href=\"https:\/\/www.odboryplus.cz\/\" data-type=\"URL\" data-id=\"https:\/\/www.odboryplus.cz\/\">OdboryPlus<\/a><\/li>\n<\/ul>\n","protected":false},"excerpt":{"rendered":"<p>N\u00e1rodn\u00ed muzeum Vl\u00e1dn\u00ed instituce St\u00e1tn\u00ed a finan\u010dn\u00ed spr\u00e1va Zdravotn\u00ed poji\u0161\u0165ovny Odborov\u00e9 hnut\u00ed<\/p>\n","protected":false},"author":2,"featured_media":382,"parent":26,"menu_order":5,"comment_status":"closed","ping_status":"closed","template":"","meta":{"footnotes":""},"class_list":["post-32","page","type-page","status-publish","has-post-thumbnail"],"_links":{"self":[{"href":"https:\/\/odborynm.cz\/index.php?rest_route=\/wp\/v2\/pages\/32","targetHints":{"allow":["GET"]}}],"collection":[{"href":"https:\/\/odborynm.cz\/index.php?rest_route=\/wp\/v2\/pages"}],"about":[{"href":"https:\/\/odborynm.cz\/index.php?rest_route=\/wp\/v2\/types\/page"}],"author":[{"embeddable":true,"href":"https:\/\/odborynm.cz\/index.php?rest_route=\/wp\/v2\/users\/2"}],"replies":[{"embeddable":true,"href":"https:\/\/odborynm.cz\/index.php?rest_route=%2Fwp%2Fv2%2Fcomments&post=32"}],"version-history":[{"count":10,"href":"https:\/\/odborynm.cz\/index.php?rest_route=\/wp\/v2\/pages\/32\/revisions"}],"predecessor-version":[{"id":393,"href":"https:\/\/odborynm.cz\/index.php?rest_route=\/wp\/v2\/pages\/32\/revisions\/393"}],"up":[{"embeddable":true,"href":"https:\/\/odborynm.cz\/index.php?rest_route=\/wp\/v2\/pages\/26"}],"wp:featuredmedia":[{"embeddable":true,"href":"https:\/\/odborynm.cz\/index.php?rest_route=\/wp\/v2\/media\/382"}],"wp:attachment":[{"href":"https:\/\/odborynm.cz\/index.php?rest_route=%2Fwp%2Fv2%2Fmedia&parent=32"}],"curies":[{"name":"wp","href":"https:\/\/api.w.org\/{rel}","templated":true}]}}