{"id":234,"date":"2022-12-06T12:15:26","date_gmt":"2022-12-06T11:15:26","guid":{"rendered":"https:\/\/odborynm.cz\/?page_id=234"},"modified":"2022-12-18T17:35:58","modified_gmt":"2022-12-18T16:35:58","slug":"pravni-poradenstvi","status":"publish","type":"page","link":"https:\/\/odborynm.cz\/?page_id=234","title":{"rendered":"Pr\u00e1vn\u00ed poradenstv\u00ed"},"content":{"rendered":"\n<p>Na odborovou organizace m\u016f\u017ee obr\u00e1tit ka\u017ed\u00fd zam\u011bstnanec ve v\u011bci pracovn\u011b-pr\u00e1vn\u00edch vztah\u016f. Odbory mohou samy poskytnout konzultace nebo zprost\u0159edkovat pr\u00e1vn\u00ed poradenstv\u00ed. Pr\u00e1vn\u00ed zastupovan\u00ed nebo rozs\u00e1hlej\u0161\u00ed pomoc mohou \u010derpat pouze <a href=\"https:\/\/odborynm.cz\/?page_id=70\" data-type=\"URL\" data-id=\"https:\/\/odborynm.cz\/?page_id=70\">\u010dlenky a \u010dlenov\u00e9<\/a> odborov\u00e9 organizace. <\/p>\n\n\n\n<p>V p\u0159\u00edpad\u011b jak\u00fdkoliv dotaz\u016f se nev\u00e1hejte obr\u00e1tit na v\u00fdbor organizace prost\u0159ednictv\u00edm e-mailu: <a href=\"mailto:odbory@nm.cz\">odbory@nm.cz<\/a><\/p>\n\n\n\n<h5 class=\"wp-block-heading\">D\u016fle\u017eit\u00e9 odkazy:<\/h5>\n\n\n\n<ul class=\"wp-block-list\">\n<li><a href=\"https:\/\/ppropo.mpsv.cz\/zakon_262_2006\" data-type=\"URL\" data-id=\"https:\/\/ppropo.mpsv.cz\/zakon_262_2006\">Z\u00e1kon\u00edk pr\u00e1ce<\/a><\/li>\n\n\n\n<li><a href=\"https:\/\/odborynm.cz\/?page_id=91\" data-type=\"URL\" data-id=\"https:\/\/odborynm.cz\/?page_id=91\">Kolektivn\u00ed smlouva<\/a><\/li>\n\n\n\n<li><a href=\"https:\/\/nm365.sharepoint.com\/SitePages\/Sm%C4%9Brnice-G%C5%98.aspx?source=https%3A%2F%2Fnm365.sharepoint.com%2FSitePages%2FForms%2FByAuthor.aspx%3FFilterField1%3DAuthor%26FilterValue1%3DKate%25C5%2599ina%2520Va%25C5%2588ousov%25C3%25A1%26FilterDisplay1%3D%26FilterType1%3DUser%26sortField%3DLinkFilename%26isAscending%3Dtrue%26viewid%3D28357785%252D224a%252D4cbe%252Da3a1%252D4fd8d9646a84\" data-type=\"URL\" data-id=\"https:\/\/nm365.sharepoint.com\/SitePages\/Sm%C4%9Brnice-G%C5%98.aspx?source=https%3A%2F%2Fnm365.sharepoint.com%2FSitePages%2FForms%2FByAuthor.aspx%3FFilterField1%3DAuthor%26FilterValue1%3DKate%25C5%2599ina%2520Va%25C5%2588ousov%25C3%25A1%26FilterDisplay1%3D%26FilterType1%3DUser%26sortField%3DLinkFilename%26isAscending%3Dtrue%26viewid%3D28357785%252D224a%252D4cbe%252Da3a1%252D4fd8d9646a84\">Sm\u011brnice gener\u00e1ln\u00edho \u0159editele NM<\/a><\/li>\n\n\n\n<li><a href=\"https:\/\/nm365.sharepoint.com\/SitePages\/P%C5%99%C3%ADkazy-G%C5%98.aspx\" data-type=\"URL\" data-id=\"https:\/\/nm365.sharepoint.com\/SitePages\/P%C5%99%C3%ADkazy-G%C5%98.aspx\">P\u0159\u00edkazy gener\u00e1ln\u00edho \u0159editele NN<\/a><\/li>\n\n\n\n<li><a href=\"http:\/\/www.poradna-pracovni-pravo.cz\/tema\/bezpecnost-prace-ochrana-zdravi-bzop.php\" data-type=\"URL\" data-id=\"http:\/\/www.poradna-pracovni-pravo.cz\/tema\/bezpecnost-prace-ochrana-zdravi-bzop.php\">Bezpe\u010dnost pr\u00e1ce a ochrana zdrav\u00ed<\/a><\/li>\n<\/ul>\n","protected":false},"excerpt":{"rendered":"<p>Na odborovou organizace m\u016f\u017ee obr\u00e1tit ka\u017ed\u00fd zam\u011bstnanec ve v\u011bci pracovn\u011b-pr\u00e1vn\u00edch vztah\u016f. Odbory mohou samy poskytnout konzultace nebo zprost\u0159edkovat pr\u00e1vn\u00ed poradenstv\u00ed. Pr\u00e1vn\u00ed zastupovan\u00ed nebo rozs\u00e1hlej\u0161\u00ed pomoc mohou \u010derpat pouze \u010dlenky a \u010dlenov\u00e9 odborov\u00e9 organizace. V p\u0159\u00edpad\u011b jak\u00fdkoliv dotaz\u016f se nev\u00e1hejte obr\u00e1tit na v\u00fdbor organizace prost\u0159ednictv\u00edm e-mailu: odbory@nm.cz D\u016fle\u017eit\u00e9 odkazy:<\/p>\n","protected":false},"author":2,"featured_media":394,"parent":26,"menu_order":4,"comment_status":"closed","ping_status":"closed","template":"","meta":{"footnotes":""},"class_list":["post-234","page","type-page","status-publish","has-post-thumbnail"],"_links":{"self":[{"href":"https:\/\/odborynm.cz\/index.php?rest_route=\/wp\/v2\/pages\/234","targetHints":{"allow":["GET"]}}],"collection":[{"href":"https:\/\/odborynm.cz\/index.php?rest_route=\/wp\/v2\/pages"}],"about":[{"href":"https:\/\/odborynm.cz\/index.php?rest_route=\/wp\/v2\/types\/page"}],"author":[{"embeddable":true,"href":"https:\/\/odborynm.cz\/index.php?rest_route=\/wp\/v2\/users\/2"}],"replies":[{"embeddable":true,"href":"https:\/\/odborynm.cz\/index.php?rest_route=%2Fwp%2Fv2%2Fcomments&post=234"}],"version-history":[{"count":10,"href":"https:\/\/odborynm.cz\/index.php?rest_route=\/wp\/v2\/pages\/234\/revisions"}],"predecessor-version":[{"id":395,"href":"https:\/\/odborynm.cz\/index.php?rest_route=\/wp\/v2\/pages\/234\/revisions\/395"}],"up":[{"embeddable":true,"href":"https:\/\/odborynm.cz\/index.php?rest_route=\/wp\/v2\/pages\/26"}],"wp:featuredmedia":[{"embeddable":true,"href":"https:\/\/odborynm.cz\/index.php?rest_route=\/wp\/v2\/media\/394"}],"wp:attachment":[{"href":"https:\/\/odborynm.cz\/index.php?rest_route=%2Fwp%2Fv2%2Fmedia&parent=234"}],"curies":[{"name":"wp","href":"https:\/\/api.w.org\/{rel}","templated":true}]}}