{"id":20,"date":"2022-09-25T17:16:55","date_gmt":"2022-09-25T15:16:55","guid":{"rendered":"https:\/\/odborynm.cz\/?page_id=20"},"modified":"2025-02-06T10:15:34","modified_gmt":"2025-02-06T09:15:34","slug":"vybor","status":"publish","type":"page","link":"https:\/\/odborynm.cz\/?page_id=20","title":{"rendered":"V\u00fdbor organizace"},"content":{"rendered":"\n<p>Slo\u017een\u00ed V\u00fdboru z\u00e1kladn\u00ed odborov\u00e9 organizace v N\u00e1rodn\u00edm muzeu\u00a0(VZOO NM):<br>(dle ustavuj\u00edc\u00ed sch\u016fze VZOO ze dne 17. 10. 2023\u200b)<\/p>\n\n\n\n<h5 class=\"wp-block-heading\">P\u0159edseda<\/h5>\n\n\n\n<p><strong>Pavel Titz<\/strong><br>E-mail: <a href=\"mailto:pavel.titz@nm.cz\">pavel.titz@nm.cz<\/a><br>Tel: +420 224 497 226<\/p>\n\n\n\n<h5 class=\"wp-block-heading\">M\u00edstop\u0159edseda<\/h5>\n\n\n\n<p><strong>Ond\u0159ej Crh\u00e1k<\/strong><br>E-mail: <a href=\"mailto:ondrej.crhak@nm.cz\">ondrej.crhak@nm.cz<\/a><br>Tel: +420 224 497 522<\/p>\n\n\n\n<p><strong>Kry\u0161tof Van\u010da<\/strong><br>E-mail: <a href=\"mailto:krystof.vanca@nm.cz\">krystof.vanca@nm.cz<\/a><br>Tel: +420 224 497 316<\/p>\n\n\n\n<h5 class=\"wp-block-heading\">Hospod\u00e1\u0159ka a pokladn\u00ed<\/h5>\n\n\n\n<p><strong>Petra Bolehovsk\u00e1<\/strong><br>E-mail: <a href=\"mailto:petra.bolehovska@nm.cz\">petra.bolehovska@nm.cz<\/a><br>Tel: +420 224 497 140<\/p>\n\n\n\n<h5 class=\"wp-block-heading\">\u010clenov\u00e9 v\u00fdboru<\/h5>\n\n\n\n<p><strong>Vladim\u00edra Lewingerov\u00e1\u200b<\/strong><br>E-mail: <a href=\"mailto:vladimira.lewingerova@nm.cz\">vladimira.lewingerova@nm.cz<\/a><br>Tel: +420 222 220 082<\/p>\n\n\n\n<p><strong>Daniela Z\u00e1vesk\u00e1<\/strong><br>E-mail: <a href=\"daniela.zaveska@nm.cz\" data-type=\"link\" data-id=\"daniela.zaveska@nm.cz\">daniela.zaveska@nm.cz <\/a><br>Tel: +420 257 327 893<\/p>\n\n\n\n<h5 class=\"wp-block-heading\">Spolupracovn\u00edci v\u00fdboru<\/h5>\n\n\n\n<p><strong>Jolana Tousson<\/strong> (revizorka \u00fa\u010dt\u016f)<br><strong>Eva Lachmanov\u00e1<\/strong> (kultura)\u00a0<br><strong>Ivana \u010cerm\u00e1kov\u00e1<\/strong>\u200b\u00a0(spr\u00e1vkyn\u011b rekrea\u010dn\u00edho <a href=\"http:\/\/odborynm.cz\/?page_id=106\" data-type=\"URL\" data-id=\"http:\/\/odborynm.cz\/?page_id=106\">objektu Hostomice<\/a>)<\/p>\n\n\n\n<p><\/p>\n","protected":false},"excerpt":{"rendered":"<p>Slo\u017een\u00ed V\u00fdboru z\u00e1kladn\u00ed odborov\u00e9 organizace v N\u00e1rodn\u00edm muzeu\u00a0(VZOO NM):(dle ustavuj\u00edc\u00ed sch\u016fze VZOO ze dne 17. 10. 2023\u200b) P\u0159edseda Pavel TitzE-mail: pavel.titz@nm.czTel: +420 224 497 226 M\u00edstop\u0159edseda Ond\u0159ej Crh\u00e1kE-mail: ondrej.crhak@nm.czTel: +420 224 497 522 Kry\u0161tof Van\u010daE-mail: krystof.vanca@nm.czTel: +420 224 497 316 Hospod\u00e1\u0159ka a pokladn\u00ed Petra Bolehovsk\u00e1E-mail: petra.bolehovska@nm.czTel: +420 224 497 140 \u010clenov\u00e9 v\u00fdboru Vladim\u00edra Lewingerov\u00e1\u200bE-mail: vladimira.lewingerova@nm.czTel: +420 222 220 082 Daniela Z\u00e1vesk\u00e1E-mail: daniela.zaveska@nm.cz Tel: +420 257 327 893 Spolupracovn\u00edci v\u00fdboru Jolana Tousson (revizorka \u00fa\u010dt\u016f)Eva Lachmanov\u00e1 (kultura)\u00a0Ivana \u010cerm\u00e1kov\u00e1\u200b\u00a0(spr\u00e1vkyn\u011b rekrea\u010dn\u00edho objektu Hostomice)<\/p>\n","protected":false},"author":2,"featured_media":419,"parent":16,"menu_order":3,"comment_status":"closed","ping_status":"closed","template":"","meta":{"footnotes":""},"class_list":["post-20","page","type-page","status-publish","has-post-thumbnail"],"_links":{"self":[{"href":"https:\/\/odborynm.cz\/index.php?rest_route=\/wp\/v2\/pages\/20","targetHints":{"allow":["GET"]}}],"collection":[{"href":"https:\/\/odborynm.cz\/index.php?rest_route=\/wp\/v2\/pages"}],"about":[{"href":"https:\/\/odborynm.cz\/index.php?rest_route=\/wp\/v2\/types\/page"}],"author":[{"embeddable":true,"href":"https:\/\/odborynm.cz\/index.php?rest_route=\/wp\/v2\/users\/2"}],"replies":[{"embeddable":true,"href":"https:\/\/odborynm.cz\/index.php?rest_route=%2Fwp%2Fv2%2Fcomments&post=20"}],"version-history":[{"count":14,"href":"https:\/\/odborynm.cz\/index.php?rest_route=\/wp\/v2\/pages\/20\/revisions"}],"predecessor-version":[{"id":524,"href":"https:\/\/odborynm.cz\/index.php?rest_route=\/wp\/v2\/pages\/20\/revisions\/524"}],"up":[{"embeddable":true,"href":"https:\/\/odborynm.cz\/index.php?rest_route=\/wp\/v2\/pages\/16"}],"wp:featuredmedia":[{"embeddable":true,"href":"https:\/\/odborynm.cz\/index.php?rest_route=\/wp\/v2\/media\/419"}],"wp:attachment":[{"href":"https:\/\/odborynm.cz\/index.php?rest_route=%2Fwp%2Fv2%2Fmedia&parent=20"}],"curies":[{"name":"wp","href":"https:\/\/api.w.org\/{rel}","templated":true}]}}