{"id":106,"date":"2022-09-25T18:30:52","date_gmt":"2022-09-25T16:30:52","guid":{"rendered":"https:\/\/odborynm.cz\/?page_id=106"},"modified":"2023-04-17T15:47:06","modified_gmt":"2023-04-17T13:47:06","slug":"rekreacni-objekt-hostomice","status":"publish","type":"page","link":"https:\/\/odborynm.cz\/?page_id=106","title":{"rendered":"Objekt Hostomice"},"content":{"rendered":"\n<p>Rekrea\u010dn\u00ed objekt se nach\u00e1z\u00ed 2 km ji\u017en\u011b od obce Hostomice pod Brdy. K objektu pat\u0159\u00ed rozs\u00e1hl\u00fd pozemek jeho\u017e sou\u010d\u00e1st\u00ed je travnat\u00e9 prostranstv\u00ed, les a potok.<\/p>\n\n\n\n<p><strong>Kapacita:<\/strong>&nbsp;5 pokoj\u016f \/ 14 l\u016f\u017eek&nbsp;<\/p>\n\n\n\n<p><strong>\u200b\u200b\u200b\u200b\u200b\u200b\u200bVybaven\u00ed: <\/strong>spole\u010densk\u00e1 m\u00edstnost, kuchy\u0148, toaleta, toaleta se sprchov\u00fdm koutem,&nbsp;p\u0159\u00edmotop v ka\u017ed\u00e9m pokoji, deky a pol\u0161t\u00e1\u0159e BEZ POVLE\u010cEN\u00cd<\/p>\n\n\n\n<figure class=\"wp-block-gallery has-nested-images columns-default is-cropped wp-block-gallery-1 is-layout-flex wp-block-gallery-is-layout-flex\">\n<figure class=\"wp-block-image size-full is-style-default\"><img loading=\"lazy\" decoding=\"async\" width=\"649\" height=\"374\" data-id=\"116\" src=\"https:\/\/odborynm.cz\/wp-content\/uploads\/2022\/09\/Hostomice.jpg\" alt=\"\" class=\"wp-image-116\" srcset=\"https:\/\/odborynm.cz\/wp-content\/uploads\/2022\/09\/Hostomice.jpg 649w, https:\/\/odborynm.cz\/wp-content\/uploads\/2022\/09\/Hostomice-300x173.jpg 300w\" sizes=\"auto, (max-width: 649px) 100vw, 649px\" \/><\/figure>\n<\/figure>\n\n\n\n<h4 class=\"wp-block-heading\" id=\"provoz\">Provoz<a href=\"https:\/\/nm365.sharepoint.com\/SitePages\/Rekreace-Hostomice.aspx#provoz\"><\/a><\/h4>\n\n\n\n<p>\u00dapln\u00fd provoz rekrea\u010dn\u00edho za\u0159\u00edzen\u00ed je v m\u011bs\u00edc\u00edch&nbsp;b\u0159ezen a\u017e listopad.<\/p>\n\n\n\n<p>Od prosince do \u00fanora je provoz omezen\u00fdz d\u016fvodu odpojen\u00ed vody v budov\u011b. Vodu je mo\u017en\u00e9 si don\u00e9st ze 400 metr\u016f vzd\u00e1len\u00e9ho pramene (K\u0159iklav\u016fv pramen). Venku je k dispozici such\u00e9 WC.\u200b\u200b\u200b\u200b\u200b\u200b\u200b\u200b\u200b\u200b\u200b\u200b\u200b\u200b\u200b\u200b\u200b\u200b\u200b\u200b\u200b<\/p>\n\n\n\n<h4 class=\"wp-block-heading\" id=\"cena-za-osobu-noc\">Cena za osobu \/ noc<a href=\"https:\/\/nm365.sharepoint.com\/SitePages\/Rekreace-Hostomice.aspx#cena-za-osobu-noc\"><\/a><\/h4>\n\n\n\n<p>zam\u011bstnanci a rodinn\u00fd p\u0159\u00edslu\u0161n\u00edci: \u00a0100 K\u010d\u00a0<\/p>\n\n\n\n<p>d\u011bti zam\u011bstnanc\u016f (do 16 let):&nbsp; &nbsp; &nbsp; &nbsp; &nbsp; 50 K\u010d<\/p>\n\n\n\n<p>host\u00e9:\u00a0 \u00a0 \u00a0 \u00a0 \u00a0 \u00a0 \u00a0 \u00a0 \u00a0 \u00a0 \u00a0 \u00a0 \u00a0 \u00a0 \u00a0 \u00a0 \u00a0 \u00a0 \u00a0 \u00a0 \u00a0 \u00a0 \u00a0160 K\u010d<\/p>\n\n\n\n<p>d\u011bti host\u016f (do 16 let)&nbsp;: &nbsp; &nbsp; &nbsp; &nbsp; &nbsp; &nbsp; &nbsp; &nbsp; &nbsp; 100 K\u010d<\/p>\n\n\n\n<p>v\u0161echny d\u011bti do 2 let:&nbsp; &nbsp; &nbsp; &nbsp; &nbsp; &nbsp; &nbsp; &nbsp; &nbsp; &nbsp; zdarma<\/p>\n\n\n\n<h4 class=\"wp-block-heading\" id=\"doprava\">Doprava<a href=\"https:\/\/nm365.sharepoint.com\/SitePages\/Rekreace-Hostomice.aspx#doprava\"><\/a><\/h4>\n\n\n\n<p>Auto:&nbsp;55 km z centra Prahy, parkovat lze na m\u00edst\u011b<\/p>\n\n\n\n<p>Autobus, vlak:&nbsp;cca 1 hodina a 15 minut&nbsp;do Hostomic, pak p\u011b\u0161ky (2,5 &#8211; 3 km)<\/p>\n\n\n\n<iframe src=\"https:\/\/www.google.com\/maps\/embed?pb=!1m18!1m12!1m3!1d41191.40036707416!2d14.004188680013794!3d49.81497155800584!2m3!1f0!2f0!3f0!3m2!1i1024!2i768!4f13.1!3m3!1m2!1s0x470b09d0299b9b2f%3A0x400af0f66151940!2s267%2024%20Hostomice!5e0!3m2!1sen!2scz!4v1664129151383!5m2!1sen!2scz\" width=\"600\" height=\"450\" style=\"border:0;\" allowfullscreen=\"\" loading=\"lazy\" referrerpolicy=\"no-referrer-when-downgrade\"><\/iframe>\n\n\n\n<h4 class=\"wp-block-heading\" id=\"v\u00fdlety-do-okol\u00ed\">V\u00fdlety do okol\u00ed<a href=\"https:\/\/nm365.sharepoint.com\/SitePages\/Rekreace-Hostomice.aspx#v%C3%BDlety-do-okol%C3%AD\"><\/a><\/h4>\n\n\n\n<p>Lom Velk\u00e1 Amerika,&nbsp;Kon\u011bprusy, Geopark v Beroun\u011b, Muzeum v Beroun\u011b, Z\u00e1mek v Dob\u0159\u00ed\u0161i<\/p>\n\n\n\n<h4 class=\"wp-block-heading\">Kontaktn\u00ed osoba<\/h4>\n\n\n\n<p><strong>Ivana \u010cerm\u00e1kov\u00e1<\/strong><br>E-mail: <a href=\"mailto:ivana.cermakova@nm.cz\">ivana.cermakova@nm.cz<\/a> <br>Tel: +420 224 497 897<\/p>\n\n\n\n<p>Kalend\u00e1\u0159 rezervac\u00ed naleznete na <a rel=\"noreferrer noopener\" href=\"https:\/\/nm365.sharepoint.com\/SitePages\/Rekreace-Hostomice.aspx\" data-type=\"URL\" data-id=\"https:\/\/nm365.sharepoint.com\/SitePages\/Rekreace-Hostomice.aspx\" target=\"_blank\">muzejn\u00edm intranetu<\/a>.<\/p>\n\n\n\n<div class=\"wp-block-buttons is-layout-flex wp-block-buttons-is-layout-flex\"><\/div>\n\n\n\n<p><\/p>\n","protected":false},"excerpt":{"rendered":"<p>Rekrea\u010dn\u00ed objekt se nach\u00e1z\u00ed 2 km ji\u017en\u011b od obce Hostomice pod Brdy. K objektu pat\u0159\u00ed rozs\u00e1hl\u00fd pozemek jeho\u017e sou\u010d\u00e1st\u00ed je travnat\u00e9 prostranstv\u00ed, les a potok. Kapacita:&nbsp;5 pokoj\u016f \/ 14 l\u016f\u017eek&nbsp; \u200b\u200b\u200b\u200b\u200b\u200b\u200bVybaven\u00ed: spole\u010densk\u00e1 m\u00edstnost, kuchy\u0148, toaleta, toaleta se sprchov\u00fdm koutem,&nbsp;p\u0159\u00edmotop v ka\u017ed\u00e9m pokoji, deky a pol\u0161t\u00e1\u0159e BEZ POVLE\u010cEN\u00cd Provoz \u00dapln\u00fd provoz rekrea\u010dn\u00edho za\u0159\u00edzen\u00ed je v m\u011bs\u00edc\u00edch&nbsp;b\u0159ezen a\u017e listopad. Od prosince do \u00fanora je provoz omezen\u00fdz d\u016fvodu odpojen\u00ed vody v budov\u011b. Vodu je mo\u017en\u00e9 si don\u00e9st ze 400 metr\u016f vzd\u00e1len\u00e9ho pramene (K\u0159iklav\u016fv pramen). Venku je k dispozici such\u00e9 WC.\u200b\u200b\u200b\u200b\u200b\u200b\u200b\u200b\u200b\u200b\u200b\u200b\u200b\u200b\u200b\u200b\u200b\u200b\u200b\u200b\u200b Cena za osobu \/ noc zam\u011bstnanci a rodinn\u00fd p\u0159\u00edslu\u0161n\u00edci: \u00a0100 K\u010d\u00a0 d\u011bti zam\u011bstnanc\u016f (do 16 let):&nbsp; &nbsp; &nbsp; &nbsp; &nbsp; 50 K\u010d host\u00e9:\u00a0 \u00a0 \u00a0 \u00a0 \u00a0 \u00a0 \u00a0 \u00a0 \u00a0 \u00a0 \u00a0 \u00a0 \u00a0 \u00a0 \u00a0 \u00a0 \u00a0 \u00a0 \u00a0 \u00a0 \u00a0 \u00a0 \u00a0160 K\u010d d\u011bti host\u016f (do 16 let)&nbsp;: &nbsp; &nbsp; &nbsp; &nbsp; &nbsp; &nbsp; &nbsp; &nbsp; &nbsp; 100 K\u010d v\u0161echny&hellip;<\/p>\n<p> <a class=\"more-link\" href=\"https:\/\/odborynm.cz\/?page_id=106\">\u010c\u00edst v\u00edce<\/a><\/p>\n","protected":false},"author":2,"featured_media":0,"parent":26,"menu_order":3,"comment_status":"closed","ping_status":"closed","template":"","meta":{"footnotes":""},"class_list":["post-106","page","type-page","status-publish"],"_links":{"self":[{"href":"https:\/\/odborynm.cz\/index.php?rest_route=\/wp\/v2\/pages\/106","targetHints":{"allow":["GET"]}}],"collection":[{"href":"https:\/\/odborynm.cz\/index.php?rest_route=\/wp\/v2\/pages"}],"about":[{"href":"https:\/\/odborynm.cz\/index.php?rest_route=\/wp\/v2\/types\/page"}],"author":[{"embeddable":true,"href":"https:\/\/odborynm.cz\/index.php?rest_route=\/wp\/v2\/users\/2"}],"replies":[{"embeddable":true,"href":"https:\/\/odborynm.cz\/index.php?rest_route=%2Fwp%2Fv2%2Fcomments&post=106"}],"version-history":[{"count":16,"href":"https:\/\/odborynm.cz\/index.php?rest_route=\/wp\/v2\/pages\/106\/revisions"}],"predecessor-version":[{"id":465,"href":"https:\/\/odborynm.cz\/index.php?rest_route=\/wp\/v2\/pages\/106\/revisions\/465"}],"up":[{"embeddable":true,"href":"https:\/\/odborynm.cz\/index.php?rest_route=\/wp\/v2\/pages\/26"}],"wp:attachment":[{"href":"https:\/\/odborynm.cz\/index.php?rest_route=%2Fwp%2Fv2%2Fmedia&parent=106"}],"curies":[{"name":"wp","href":"https:\/\/api.w.org\/{rel}","templated":true}]}}